{"id":158,"date":"2025-06-06T00:10:02","date_gmt":"2025-06-05T21:10:02","guid":{"rendered":"https:\/\/doedaprn.com\/?page_id=158"},"modified":"2025-06-06T00:10:04","modified_gmt":"2025-06-05T21:10:04","slug":"legal","status":"publish","type":"page","link":"https:\/\/doedaprn1.com\/es\/legal\/","title":{"rendered":"Hukuksal"},"content":{"rendered":"<div class=\"pvc_clear\"><\/div><p id=\"pvc_stats_158\" class=\"pvc_stats total_only  \" data-element-id=\"158\" style=\"\"><i class=\"pvc-stats-icon medium\" aria-hidden=\"true\"><svg xmlns=\"http:\/\/www.w3.org\/2000\/svg\" version=\"1.0\" viewBox=\"0 0 502 315\" preserveAspectRatio=\"xMidYMid meet\"><g transform=\"translate(0,332) scale(0.1,-0.1)\" fill=\"\" stroke=\"none\"><path d=\"M2394 3279 l-29 -30 -3 -207 c-2 -182 0 -211 15 -242 39 -76 157 -76 196 0 15 31 17 60 15 243 l-3 209 -33 29 c-26 23 -41 29 -80 29 -41 0 -53 -5 -78 -31z\"\/><path d=\"M3085 3251 c-45 -19 -58 -50 -96 -229 -47 -217 -49 -260 -13 -295 52 -53 146 -42 177 20 16 31 87 366 87 410 0 70 -86 122 -155 94z\"\/><path d=\"M1751 3234 c-13 -9 -29 -31 -37 -50 -12 -29 -10 -49 21 -204 19 -94 39 -189 45 -210 14 -50 54 -80 110 -80 34 0 48 6 76 34 21 21 34 44 34 59 0 14 -18 113 -40 219 -37 178 -43 195 -70 221 -36 32 -101 37 -139 11z\"\/><path d=\"M1163 3073 c-36 -7 -73 -59 -73 -102 0 -56 133 -378 171 -413 34 -32 83 -37 129 -13 70 36 67 87 -16 290 -86 209 -89 214 -129 231 -35 14 -42 15 -82 7z\"\/><path d=\"M3689 3066 c-15 -9 -33 -30 -42 -48 -48 -103 -147 -355 -147 -375 0 -98 131 -148 192 -74 13 15 57 108 97 206 80 196 84 226 37 273 -30 30 -99 39 -137 18z\"\/><path d=\"M583 2784 c-38 -19 -67 -74 -58 -113 9 -42 211 -354 242 -373 16 -10 45 -18 66 -18 51 0 107 52 107 100 0 39 -1 41 -124 234 -80 126 -108 162 -133 173 -41 17 -61 16 -100 -3z\"\/><path d=\"M4250 2784 c-14 -9 -74 -91 -133 -183 -95 -150 -107 -173 -107 -213 0 -55 33 -94 87 -104 67 -13 90 8 211 198 130 202 137 225 78 284 -27 27 -42 34 -72 34 -22 0 -50 -8 -64 -16z\"\/><path d=\"M2275 2693 c-553 -48 -1095 -270 -1585 -649 -135 -104 -459 -423 -483 -476 -23 -49 -22 -139 2 -186 73 -142 361 -457 571 -626 285 -228 642 -407 990 -497 242 -63 336 -73 660 -74 310 0 370 5 595 52 535 111 1045 392 1455 803 122 121 250 273 275 326 19 41 19 137 0 174 -41 79 -309 363 -465 492 -447 370 -946 591 -1479 653 -113 14 -422 18 -536 8z m395 -428 c171 -34 330 -124 456 -258 112 -119 167 -219 211 -378 27 -96 24 -300 -5 -401 -72 -255 -236 -447 -474 -557 -132 -62 -201 -76 -368 -76 -167 0 -236 14 -368 76 -213 98 -373 271 -451 485 -162 444 86 934 547 1084 153 49 292 57 452 25z m909 -232 c222 -123 408 -262 593 -441 76 -74 138 -139 138 -144 0 -16 -233 -242 -330 -319 -155 -123 -309 -223 -461 -299 l-81 -41 32 46 c18 26 49 83 70 128 143 306 141 649 -6 957 -25 52 -61 116 -79 142 l-34 47 45 -20 c26 -10 76 -36 113 -56z m-2057 25 c-40 -58 -105 -190 -130 -263 -110 -324 -59 -707 132 -981 25 -35 42 -64 37 -64 -19 0 -241 119 -326 174 -188 122 -406 314 -532 468 l-58 71 108 103 c185 178 428 349 672 473 66 33 121 60 123 61 2 0 -10 -19 -26 -42z\"\/><path d=\"M2375 1950 c-198 -44 -350 -190 -395 -379 -18 -76 -8 -221 19 -290 114 -284 457 -406 731 -260 98 52 188 154 231 260 27 69 37 214 19 290 -38 163 -166 304 -326 360 -67 23 -215 33 -279 19z\"\/><\/g><\/svg><\/i> <img decoding=\"async\" width=\"16\" height=\"16\" alt=\"Loading\" src=\"https:\/\/doedaprn1.com\/wp-content\/plugins\/page-views-count\/ajax-loader-2x.gif\" border=0 \/><\/p><div class=\"pvc_clear\"><\/div>\n<p>Doedaprn.com 5651 say\u0131l\u0131 yasan\u0131n 5. maddesinde tan\u0131mlanan yer sa\u011flay\u0131c\u0131 olarak hizmet vermektedir. \u0130lgili yasaya g\u00f6re, web site y\u00f6netiminin hukuka ayk\u0131r\u0131 i\u00e7erikleri kontrol etme y\u00fck\u00fcml\u00fcl\u00fc\u011f\u00fc yoktur. Bu sebeple, sitemiz uyar ve kald\u0131r prensibini benimsemi\u015ftir. Telif hakk\u0131na konu olan eserlerin yasal olmayan bir bi\u00e7imde payla\u015f\u0131ld\u0131\u011f\u0131n\u0131 ve yasal haklar\u0131n\u0131n \u00e7i\u011fnendi\u011fini d\u00fc\u015f\u00fcnen hak sahipleri veya meslek birlikleri,\u00a0<strong><strong>clickflowseo@outlook.com<\/strong><\/strong>\u00a0mail adresinden bize ula\u015fabilirler. Buraya ula\u015fan talep ve \u015fikayetler hukuksal olarak incelenecek, \u015fikayet yerinde g\u00f6r\u00fcld\u00fc\u011f\u00fc takdirde, ihlal oldu\u011fu d\u00fc\u015f\u00fcn\u00fclen i\u00e7erikler sitemizden kald\u0131r\u0131lacakt\u0131r.<\/p>\n\n\n\n<p>\u0130lgili Yasa:<\/p>\n\n\n\n<p>MADDE 5 (1) Yer sa\u011flay\u0131c\u0131, yer sa\u011flad\u0131\u011f\u0131 i\u00e7eri\u011fi kontrol etmek veya hukuka ayk\u0131r\u0131 bir faaliyetin s\u00f6z konusu olup olmad\u0131\u011f\u0131n\u0131 ara\u015ft\u0131rmakla y\u00fck\u00fcml\u00fc de\u011fildir.<\/p>\n\n\n\n<p>(2) Yer sa\u011flay\u0131c\u0131, yer sa\u011flad\u0131\u011f\u0131 hukuka ayk\u0131r\u0131 i\u00e7erikten, ceza sorumlulu\u011fu ile ilgili h\u00fck\u00fcmler sakl\u0131 kalmak kayd\u0131yla, bu Kanunun 8 inci ve 9 uncu maddelerine g\u00f6re haberdar edilmesi halinde ve teknik olarak imk\u00e2n bulundu\u011fu \u00f6l\u00e7\u00fcde hukuka ayk\u0131r\u0131 i\u00e7eri\u011fi yay\u0131ndan kald\u0131rmakla y\u00fck\u00fcml\u00fcd\u00fcr.<\/p>\n\n\n\n<p>English translation:<\/p>\n\n\n\n<p>All the videos that are involved in our website are added from general video websites like vk.com, mail.ru, google, etc. For productions whose copyright belongs to you, as long as you make a notice to \u201c<strong>clickflowseo@outlook.com<\/strong>\u201d email address, relevant production will be removed in 3 workday from our website.<\/p>\n<div style='text-align:left' class='yasr-auto-insert-visitor'><!--Yasr Visitor Votes Shortcode--><div id='yasr_visitor_votes_2d19651bd01e2' class='yasr-visitor-votes'><div class=\"yasr-custom-text-vv-before yasr-custom-text-vv-before-158\">Oy Vermek \u0130\u00e7in T\u0131kla!<\/div><div id='yasr-vv-second-row-container-2d19651bd01e2'\r\n                                        class='yasr-vv-second-row-container'><div id='yasr-visitor-votes-rater-2d19651bd01e2'\r\n                                      class='yasr-rater-stars-vv'\r\n                                      data-rater-postid='158'\r\n                                      data-rating='0'\r\n                                      data-rater-starsize='16'\r\n                                      data-rater-readonly='false'\r\n                                      data-rater-nonce='9f6411bbf8'\r\n                                      data-issingular='false'\r\n                                    ><\/div><div class=\"yasr-vv-stats-text-container\" id=\"yasr-vv-stats-text-container-2d19651bd01e2\"><svg xmlns=\"https:\/\/www.w3.org\/2000\/svg\" width=\"20\" height=\"20\"\r\n                                   class=\"yasr-dashicons-visitor-stats\"\r\n                                   data-postid=\"158\"\r\n                                   id=\"yasr-stats-dashicon-2d19651bd01e2\">\r\n                                   <path d=\"M18 18v-16h-4v16h4zM12 18v-11h-4v11h4zM6 18v-8h-4v8h4z\"><\/path>\r\n                               <\/svg><span id=\"yasr-vv-text-container-2d19651bd01e2\" class=\"yasr-vv-text-container\">Ortalama: <span id=\"yasr-vv-average-container-2d19651bd01e2\">0<\/span><\/span><\/div><div id='yasr-vv-loader-2d19651bd01e2' class='yasr-vv-container-loader'><\/div><\/div><div id='yasr-vv-bottom-container-2d19651bd01e2'\r\n                              class='yasr-vv-bottom-container'\r\n                              style='display:none'><\/div><\/div><!--End Yasr Visitor Votes Shortcode--><\/div>","protected":false},"excerpt":{"rendered":"<div class=\"pvc_clear\"><\/div>\n<p id=\"pvc_stats_158\" class=\"pvc_stats total_only  \" data-element-id=\"158\" style=\"\"><i class=\"pvc-stats-icon medium\" aria-hidden=\"true\"><svg xmlns=\"http:\/\/www.w3.org\/2000\/svg\" version=\"1.0\" viewBox=\"0 0 502 315\" preserveAspectRatio=\"xMidYMid meet\"><g transform=\"translate(0,332) scale(0.1,-0.1)\" fill=\"\" stroke=\"none\"><path d=\"M2394 3279 l-29 -30 -3 -207 c-2 -182 0 -211 15 -242 39 -76 157 -76 196 0 15 31 17 60 15 243 l-3 209 -33 29 c-26 23 -41 29 -80 29 -41 0 -53 -5 -78 -31z\"\/><path d=\"M3085 3251 c-45 -19 -58 -50 -96 -229 -47 -217 -49 -260 -13 -295 52 -53 146 -42 177 20 16 31 87 366 87 410 0 70 -86 122 -155 94z\"\/><path d=\"M1751 3234 c-13 -9 -29 -31 -37 -50 -12 -29 -10 -49 21 -204 19 -94 39 -189 45 -210 14 -50 54 -80 110 -80 34 0 48 6 76 34 21 21 34 44 34 59 0 14 -18 113 -40 219 -37 178 -43 195 -70 221 -36 32 -101 37 -139 11z\"\/><path d=\"M1163 3073 c-36 -7 -73 -59 -73 -102 0 -56 133 -378 171 -413 34 -32 83 -37 129 -13 70 36 67 87 -16 290 -86 209 -89 214 -129 231 -35 14 -42 15 -82 7z\"\/><path d=\"M3689 3066 c-15 -9 -33 -30 -42 -48 -48 -103 -147 -355 -147 -375 0 -98 131 -148 192 -74 13 15 57 108 97 206 80 196 84 226 37 273 -30 30 -99 39 -137 18z\"\/><path d=\"M583 2784 c-38 -19 -67 -74 -58 -113 9 -42 211 -354 242 -373 16 -10 45 -18 66 -18 51 0 107 52 107 100 0 39 -1 41 -124 234 -80 126 -108 162 -133 173 -41 17 -61 16 -100 -3z\"\/><path d=\"M4250 2784 c-14 -9 -74 -91 -133 -183 -95 -150 -107 -173 -107 -213 0 -55 33 -94 87 -104 67 -13 90 8 211 198 130 202 137 225 78 284 -27 27 -42 34 -72 34 -22 0 -50 -8 -64 -16z\"\/><path d=\"M2275 2693 c-553 -48 -1095 -270 -1585 -649 -135 -104 -459 -423 -483 -476 -23 -49 -22 -139 2 -186 73 -142 361 -457 571 -626 285 -228 642 -407 990 -497 242 -63 336 -73 660 -74 310 0 370 5 595 52 535 111 1045 392 1455 803 122 121 250 273 275 326 19 41 19 137 0 174 -41 79 -309 363 -465 492 -447 370 -946 591 -1479 653 -113 14 -422 18 -536 8z m395 -428 c171 -34 330 -124 456 -258 112 -119 167 -219 211 -378 27 -96 24 -300 -5 -401 -72 -255 -236 -447 -474 -557 -132 -62 -201 -76 -368 -76 -167 0 -236 14 -368 76 -213 98 -373 271 -451 485 -162 444 86 934 547 1084 153 49 292 57 452 25z m909 -232 c222 -123 408 -262 593 -441 76 -74 138 -139 138 -144 0 -16 -233 -242 -330 -319 -155 -123 -309 -223 -461 -299 l-81 -41 32 46 c18 26 49 83 70 128 143 306 141 649 -6 957 -25 52 -61 116 -79 142 l-34 47 45 -20 c26 -10 76 -36 113 -56z m-2057 25 c-40 -58 -105 -190 -130 -263 -110 -324 -59 -707 132 -981 25 -35 42 -64 37 -64 -19 0 -241 119 -326 174 -188 122 -406 314 -532 468 l-58 71 108 103 c185 178 428 349 672 473 66 33 121 60 123 61 2 0 -10 -19 -26 -42z\"\/><path d=\"M2375 1950 c-198 -44 -350 -190 -395 -379 -18 -76 -8 -221 19 -290 114 -284 457 -406 731 -260 98 52 188 154 231 260 27 69 37 214 19 290 -38 163 -166 304 -326 360 -67 23 -215 33 -279 19z\"\/><\/g><\/svg><\/i> <img decoding=\"async\" width=\"16\" height=\"16\" alt=\"Loading\" src=\"https:\/\/doedaprn1.com\/wp-content\/plugins\/page-views-count\/ajax-loader-2x.gif\" border=0 \/><\/p>\n<div class=\"pvc_clear\"><\/div>\n<p>Doedaprn.com 5651 say\u0131l\u0131 yasan\u0131n 5. maddesinde tan\u0131mlanan yer sa\u011flay\u0131c\u0131 olarak hizmet vermektedir. \u0130lgili yasaya g\u00f6re, web site y\u00f6netiminin hukuka ayk\u0131r\u0131 i\u00e7erikleri kontrol etme y\u00fck\u00fcml\u00fcl\u00fc\u011f\u00fc yoktur. Bu sebeple, sitemiz uyar ve kald\u0131r prensibini benimsemi\u015ftir. Telif hakk\u0131na konu olan eserlerin yasal olmayan bir bi\u00e7imde payla\u015f\u0131ld\u0131\u011f\u0131n\u0131 ve yasal haklar\u0131n\u0131n \u00e7i\u011fnendi\u011fini d\u00fc\u015f\u00fcnen hak sahipleri veya meslek birlikleri,\u00a0clickflowseo@outlook.com\u00a0mail adresinden bize [&hellip;]<\/p>\n","protected":false},"author":1,"featured_media":0,"parent":0,"menu_order":0,"comment_status":"closed","ping_status":"closed","template":"","meta":{"yasr_overall_rating":0,"yasr_post_is_review":"","yasr_auto_insert_disabled":"","yasr_review_type":"","footnotes":""},"class_list":["post-158","page","type-page","status-publish","hentry"],"a3_pvc":{"activated":true,"total_views":128,"today_views":1},"yoast_head":"<!-- This site is optimized with the Yoast SEO Premium plugin v27.3 (Yoast SEO v27.4) - https:\/\/yoast.com\/product\/yoast-seo-premium-wordpress\/ -->\n<title>Hukuksal - Doeda Prn<\/title>\n<meta name=\"robots\" content=\"index, follow, max-snippet:-1, max-image-preview:large, max-video-preview:-1\" \/>\n<link rel=\"canonical\" href=\"https:\/\/doedaprn1.com\/es\/legal\/\" \/>\n<meta property=\"og:locale\" content=\"es_ES\" \/>\n<meta property=\"og:type\" content=\"article\" \/>\n<meta property=\"og:title\" content=\"Hukuksal\" \/>\n<meta property=\"og:description\" content=\"Doedaprn.com 5651 say\u0131l\u0131 yasan\u0131n 5. maddesinde tan\u0131mlanan yer sa\u011flay\u0131c\u0131 olarak hizmet vermektedir. \u0130lgili yasaya g\u00f6re, web site y\u00f6netiminin hukuka ayk\u0131r\u0131 i\u00e7erikleri kontrol etme y\u00fck\u00fcml\u00fcl\u00fc\u011f\u00fc yoktur. Bu sebeple, sitemiz uyar ve kald\u0131r prensibini benimsemi\u015ftir. Telif hakk\u0131na konu olan eserlerin yasal olmayan bir bi\u00e7imde payla\u015f\u0131ld\u0131\u011f\u0131n\u0131 ve yasal haklar\u0131n\u0131n \u00e7i\u011fnendi\u011fini d\u00fc\u015f\u00fcnen hak sahipleri veya meslek birlikleri,\u00a0clickflowseo@outlook.com\u00a0mail adresinden bize [&hellip;]\" \/>\n<meta property=\"og:url\" content=\"https:\/\/doedaprn1.com\/es\/legal\/\" \/>\n<meta property=\"og:site_name\" content=\"Doeda Prn\" \/>\n<meta property=\"article:modified_time\" content=\"2025-06-05T21:10:04+00:00\" \/>\n<meta property=\"og:image\" content=\"https:\/\/doedaprn1.com\/wp-content\/uploads\/2025\/06\/DOEDAPRN.png\" \/>\n\t<meta property=\"og:image:width\" content=\"195\" \/>\n\t<meta property=\"og:image:height\" content=\"40\" \/>\n\t<meta property=\"og:image:type\" content=\"image\/png\" \/>\n<meta name=\"twitter:card\" content=\"summary_large_image\" \/>\n<meta name=\"twitter:label1\" content=\"Tiempo de lectura\" \/>\n\t<meta name=\"twitter:data1\" content=\"1 minuto\" \/>\n<script type=\"application\/ld+json\" class=\"yoast-schema-graph\">{\"@context\":\"https:\\\/\\\/schema.org\",\"@graph\":[{\"@type\":\"WebPage\",\"@id\":\"https:\\\/\\\/doedaprn1.com\\\/hukuksal\\\/\",\"url\":\"https:\\\/\\\/doedaprn1.com\\\/hukuksal\\\/\",\"name\":\"Hukuksal - Doeda Prn\",\"isPartOf\":{\"@id\":\"https:\\\/\\\/doedaprn.com\\\/#website\"},\"datePublished\":\"2025-06-05T21:10:02+00:00\",\"dateModified\":\"2025-06-05T21:10:04+00:00\",\"breadcrumb\":{\"@id\":\"https:\\\/\\\/doedaprn1.com\\\/hukuksal\\\/#breadcrumb\"},\"inLanguage\":\"es\",\"potentialAction\":[{\"@type\":\"ReadAction\",\"target\":[\"https:\\\/\\\/doedaprn1.com\\\/hukuksal\\\/\"]}]},{\"@type\":\"BreadcrumbList\",\"@id\":\"https:\\\/\\\/doedaprn1.com\\\/hukuksal\\\/#breadcrumb\",\"itemListElement\":[{\"@type\":\"ListItem\",\"position\":1,\"name\":\"Home\",\"item\":\"https:\\\/\\\/doedaprn.com\\\/\"},{\"@type\":\"ListItem\",\"position\":2,\"name\":\"Hukuksal\"}]},{\"@type\":\"WebSite\",\"@id\":\"https:\\\/\\\/doedaprn.com\\\/#website\",\"url\":\"https:\\\/\\\/doedaprn.com\\\/\",\"name\":\"Doeda Prn\",\"description\":\"HD porno izle - Doeda Prn\",\"publisher\":{\"@id\":\"https:\\\/\\\/doedaprn.com\\\/#\\\/schema\\\/person\\\/8ee2f9c0e4a2fbc71941eb182340ea46\"},\"potentialAction\":[{\"@type\":\"SearchAction\",\"target\":{\"@type\":\"EntryPoint\",\"urlTemplate\":\"https:\\\/\\\/doedaprn.com\\\/?s={search_term_string}\"},\"query-input\":{\"@type\":\"PropertyValueSpecification\",\"valueRequired\":true,\"valueName\":\"search_term_string\"}}],\"inLanguage\":\"es\"},{\"@type\":[\"Person\",\"Organization\"],\"@id\":\"https:\\\/\\\/doedaprn.com\\\/#\\\/schema\\\/person\\\/8ee2f9c0e4a2fbc71941eb182340ea46\",\"name\":\"doeada\",\"image\":{\"@type\":\"ImageObject\",\"inLanguage\":\"es\",\"@id\":\"https:\\\/\\\/secure.gravatar.com\\\/avatar\\\/394da0196633fdc3d9070d2c272c8fbbe56df30305bd746397d8995694283c71?s=96&d=mm&r=g\",\"url\":\"https:\\\/\\\/secure.gravatar.com\\\/avatar\\\/394da0196633fdc3d9070d2c272c8fbbe56df30305bd746397d8995694283c71?s=96&d=mm&r=g\",\"contentUrl\":\"https:\\\/\\\/secure.gravatar.com\\\/avatar\\\/394da0196633fdc3d9070d2c272c8fbbe56df30305bd746397d8995694283c71?s=96&d=mm&r=g\",\"caption\":\"doeada\"},\"logo\":{\"@id\":\"https:\\\/\\\/secure.gravatar.com\\\/avatar\\\/394da0196633fdc3d9070d2c272c8fbbe56df30305bd746397d8995694283c71?s=96&d=mm&r=g\"},\"sameAs\":[\"https:\\\/\\\/doedaprn.com\"],\"publishingPrinciples\":\"https:\\\/\\\/doedaprn1.com\\\/ru\\\/%d0%bf%d0%be%d0%bb%d0%b8%d1%82%d0%b8%d0%ba%d0%b0-%d0%ba%d0%be%d0%bd%d1%84%d0%b8%d0%b4%d0%b5%d0%bd%d1%86%d0%b8%d0%b0%d0%bb%d1%8c%d0%bd%d0%be%d1%81%d1%82%d0%b8\\\/\",\"ownershipFundingInfo\":\"https:\\\/\\\/doedaprn1.com\\\/ru\\\/%d0%bf%d0%be%d0%bb%d0%b8%d1%82%d0%b8%d0%ba%d0%b0-%d0%ba%d0%be%d0%bd%d1%84%d0%b8%d0%b4%d0%b5%d0%bd%d1%86%d0%b8%d0%b0%d0%bb%d1%8c%d0%bd%d0%be%d1%81%d1%82%d0%b8\\\/\",\"actionableFeedbackPolicy\":\"https:\\\/\\\/doedaprn1.com\\\/ru\\\/%d0%bf%d0%be%d0%bb%d0%b8%d1%82%d0%b8%d0%ba%d0%b0-%d0%ba%d0%be%d0%bd%d1%84%d0%b8%d0%b4%d0%b5%d0%bd%d1%86%d0%b8%d0%b0%d0%bb%d1%8c%d0%bd%d0%be%d1%81%d1%82%d0%b8\\\/\",\"correctionsPolicy\":\"https:\\\/\\\/doedaprn.com\\\/en\\\/copyrights\\\/\",\"ethicsPolicy\":\"https:\\\/\\\/doedaprn1.com\\\/hukuksal\\\/\"},false]}<\/script>\n<!-- \/ Yoast SEO Premium plugin. -->","yoast_head_json":{"title":"Hukuksal - Doeda Prn","robots":{"index":"index","follow":"follow","max-snippet":"max-snippet:-1","max-image-preview":"max-image-preview:large","max-video-preview":"max-video-preview:-1"},"canonical":"https:\/\/doedaprn1.com\/es\/legal\/","og_locale":"es_ES","og_type":"article","og_title":"Hukuksal","og_description":"Doedaprn.com 5651 say\u0131l\u0131 yasan\u0131n 5. maddesinde tan\u0131mlanan yer sa\u011flay\u0131c\u0131 olarak hizmet vermektedir. \u0130lgili yasaya g\u00f6re, web site y\u00f6netiminin hukuka ayk\u0131r\u0131 i\u00e7erikleri kontrol etme y\u00fck\u00fcml\u00fcl\u00fc\u011f\u00fc yoktur. Bu sebeple, sitemiz uyar ve kald\u0131r prensibini benimsemi\u015ftir. Telif hakk\u0131na konu olan eserlerin yasal olmayan bir bi\u00e7imde payla\u015f\u0131ld\u0131\u011f\u0131n\u0131 ve yasal haklar\u0131n\u0131n \u00e7i\u011fnendi\u011fini d\u00fc\u015f\u00fcnen hak sahipleri veya meslek birlikleri,\u00a0clickflowseo@outlook.com\u00a0mail adresinden bize [&hellip;]","og_url":"https:\/\/doedaprn1.com\/es\/legal\/","og_site_name":"Doeda Prn","article_modified_time":"2025-06-05T21:10:04+00:00","og_image":[{"width":195,"height":40,"url":"https:\/\/doedaprn1.com\/wp-content\/uploads\/2025\/06\/DOEDAPRN.png","type":"image\/png"}],"twitter_card":"summary_large_image","twitter_misc":{"Tiempo de lectura":"1 minuto"},"schema":{"@context":"https:\/\/schema.org","@graph":[{"@type":"WebPage","@id":"https:\/\/doedaprn1.com\/hukuksal\/","url":"https:\/\/doedaprn1.com\/hukuksal\/","name":"Hukuksal - Doeda Prn","isPartOf":{"@id":"https:\/\/doedaprn.com\/#website"},"datePublished":"2025-06-05T21:10:02+00:00","dateModified":"2025-06-05T21:10:04+00:00","breadcrumb":{"@id":"https:\/\/doedaprn1.com\/hukuksal\/#breadcrumb"},"inLanguage":"es","potentialAction":[{"@type":"ReadAction","target":["https:\/\/doedaprn1.com\/hukuksal\/"]}]},{"@type":"BreadcrumbList","@id":"https:\/\/doedaprn1.com\/hukuksal\/#breadcrumb","itemListElement":[{"@type":"ListItem","position":1,"name":"Home","item":"https:\/\/doedaprn.com\/"},{"@type":"ListItem","position":2,"name":"Hukuksal"}]},{"@type":"WebSite","@id":"https:\/\/doedaprn.com\/#website","url":"https:\/\/doedaprn.com\/","name":"Doeda Prn","description":"HD porno izle - Doeda Prn","publisher":{"@id":"https:\/\/doedaprn.com\/#\/schema\/person\/8ee2f9c0e4a2fbc71941eb182340ea46"},"potentialAction":[{"@type":"SearchAction","target":{"@type":"EntryPoint","urlTemplate":"https:\/\/doedaprn.com\/?s={search_term_string}"},"query-input":{"@type":"PropertyValueSpecification","valueRequired":true,"valueName":"search_term_string"}}],"inLanguage":"es"},{"@type":["Person","Organization"],"@id":"https:\/\/doedaprn.com\/#\/schema\/person\/8ee2f9c0e4a2fbc71941eb182340ea46","name":"doeada","image":{"@type":"ImageObject","inLanguage":"es","@id":"https:\/\/secure.gravatar.com\/avatar\/394da0196633fdc3d9070d2c272c8fbbe56df30305bd746397d8995694283c71?s=96&d=mm&r=g","url":"https:\/\/secure.gravatar.com\/avatar\/394da0196633fdc3d9070d2c272c8fbbe56df30305bd746397d8995694283c71?s=96&d=mm&r=g","contentUrl":"https:\/\/secure.gravatar.com\/avatar\/394da0196633fdc3d9070d2c272c8fbbe56df30305bd746397d8995694283c71?s=96&d=mm&r=g","caption":"doeada"},"logo":{"@id":"https:\/\/secure.gravatar.com\/avatar\/394da0196633fdc3d9070d2c272c8fbbe56df30305bd746397d8995694283c71?s=96&d=mm&r=g"},"sameAs":["https:\/\/doedaprn.com"],"publishingPrinciples":"https:\/\/doedaprn1.com\/ru\/%d0%bf%d0%be%d0%bb%d0%b8%d1%82%d0%b8%d0%ba%d0%b0-%d0%ba%d0%be%d0%bd%d1%84%d0%b8%d0%b4%d0%b5%d0%bd%d1%86%d0%b8%d0%b0%d0%bb%d1%8c%d0%bd%d0%be%d1%81%d1%82%d0%b8\/","ownershipFundingInfo":"https:\/\/doedaprn1.com\/ru\/%d0%bf%d0%be%d0%bb%d0%b8%d1%82%d0%b8%d0%ba%d0%b0-%d0%ba%d0%be%d0%bd%d1%84%d0%b8%d0%b4%d0%b5%d0%bd%d1%86%d0%b8%d0%b0%d0%bb%d1%8c%d0%bd%d0%be%d1%81%d1%82%d0%b8\/","actionableFeedbackPolicy":"https:\/\/doedaprn1.com\/ru\/%d0%bf%d0%be%d0%bb%d0%b8%d1%82%d0%b8%d0%ba%d0%b0-%d0%ba%d0%be%d0%bd%d1%84%d0%b8%d0%b4%d0%b5%d0%bd%d1%86%d0%b8%d0%b0%d0%bb%d1%8c%d0%bd%d0%be%d1%81%d1%82%d0%b8\/","correctionsPolicy":"https:\/\/doedaprn.com\/en\/copyrights\/","ethicsPolicy":"https:\/\/doedaprn1.com\/hukuksal\/"},false]}},"yasr_visitor_votes":{"stars_attributes":{"read_only":false,"span_bottom":false},"number_of_votes":0,"sum_votes":0},"_links":{"self":[{"href":"https:\/\/doedaprn1.com\/es\/wp-json\/wp\/v2\/pages\/158","targetHints":{"allow":["GET"]}}],"collection":[{"href":"https:\/\/doedaprn1.com\/es\/wp-json\/wp\/v2\/pages"}],"about":[{"href":"https:\/\/doedaprn1.com\/es\/wp-json\/wp\/v2\/types\/page"}],"author":[{"embeddable":true,"href":"https:\/\/doedaprn1.com\/es\/wp-json\/wp\/v2\/users\/1"}],"replies":[{"embeddable":true,"href":"https:\/\/doedaprn1.com\/es\/wp-json\/wp\/v2\/comments?post=158"}],"version-history":[{"count":0,"href":"https:\/\/doedaprn1.com\/es\/wp-json\/wp\/v2\/pages\/158\/revisions"}],"wp:attachment":[{"href":"https:\/\/doedaprn1.com\/es\/wp-json\/wp\/v2\/media?parent=158"}],"curies":[{"name":"wp","href":"https:\/\/api.w.org\/{rel}","templated":true}]}}